{"id":2846,"date":"2023-02-23T14:53:46","date_gmt":"2023-02-23T13:53:46","guid":{"rendered":"https:\/\/kulturnidom.it\/wp\/?page_id=2846"},"modified":"2023-03-05T12:45:32","modified_gmt":"2023-03-05T11:45:32","slug":"prispevki-art-bonus","status":"publish","type":"page","link":"https:\/\/kulturnidom.it\/wp\/prispevki-art-bonus\/","title":{"rendered":"Art Bonus"},"content":{"rendered":"\t\t<div data-elementor-type=\"wp-post\" data-elementor-id=\"2846\" class=\"elementor elementor-2846\">\n\t\t\t\t\t\t<section class=\"elementor-section elementor-top-section elementor-element elementor-element-f22a08c elementor-section-justified elementor-section-boxed elementor-section-height-default elementor-section-height-default\" data-id=\"f22a08c\" data-element_type=\"section\">\n\t\t\t\t\t\t<div class=\"elementor-container elementor-column-gap-extended\">\n\t\t\t\t\t<div class=\"elementor-column elementor-col-100 elementor-top-column elementor-element elementor-element-3a9d5e5 sc_layouts_column_icons_position_left\" data-id=\"3a9d5e5\" data-element_type=\"column\">\n\t\t\t<div class=\"elementor-widget-wrap elementor-element-populated\">\n\t\t\t\t\t\t<div class=\"elementor-element elementor-element-48c2154 elementor-widget elementor-widget-image\" data-id=\"48c2154\" data-element_type=\"widget\" data-widget_type=\"image.default\">\n\t\t\t\t<div class=\"elementor-widget-container\">\n\t\t\t\t\t\t\t\t\t\t\t\t\t<img fetchpriority=\"high\" decoding=\"async\" width=\"752\" height=\"376\" src=\"https:\/\/kulturnidom.it\/wp\/wp-content\/uploads\/2023\/03\/logo_header-1.png\" class=\"attachment-large size-large wp-image-3118\" alt=\"\" srcset=\"https:\/\/kulturnidom.it\/wp\/wp-content\/uploads\/2023\/03\/logo_header-1.png 752w, https:\/\/kulturnidom.it\/wp\/wp-content\/uploads\/2023\/03\/logo_header-1-300x150.png 300w, https:\/\/kulturnidom.it\/wp\/wp-content\/uploads\/2023\/03\/logo_header-1-370x185.png 370w, https:\/\/kulturnidom.it\/wp\/wp-content\/uploads\/2023\/03\/logo_header-1-406x203.png 406w\" sizes=\"(max-width: 752px) 100vw, 752px\" \/>\t\t\t\t\t\t\t\t\t\t\t\t\t<\/div>\n\t\t\t\t<\/div>\n\t\t\t\t<div class=\"elementor-element elementor-element-1a04153 elementor-widget elementor-widget-text-editor\" data-id=\"1a04153\" data-element_type=\"widget\" data-widget_type=\"text-editor.default\">\n\t\t\t\t<div class=\"elementor-widget-container\">\n\t\t\t\t\t\t\t<div><b><span style=\"font-size: large;\">Podpiraj Kulturni dom Gorica z de\u017eelnim\u00a0<i>Art Bonusom<\/i><\/span><\/b><\/div><div><i>Art bonus\u00a0<\/i>je uvedla Avtonomna de\u017eela FJK z namenom, da pove\u017ee javni in zasebni sektor v podporo kulturnih dejavnosti in kulturne dedi\u0161\u010dine.<\/div><div><i>Art Bonus<\/i>\u00a0omogo\u010da kori\u0161\u010denje\u00a0<b><u>dav\u010dnih olaj\u0161av<\/u><\/b>\u00a0subjektom (podjetja, fundacije, idr.), ki z donacijami\u00a0podpirajo dejavnosti akreditiranih kulturnih ustanov.<\/div><div>\u010ce \u017eelite dodatne informacije, nam lahko pi\u0161ete na naslov\u00a0\u00a0<a href=\"mailto:info@kulturnidom.it\" target=\"_blank\" rel=\"noopener noreferrer noreferrer\">info@kulturnidom.it<\/a>\u00a0<wbr \/>ali obi\u0161\u010dete spletno stran De\u017eele FJK\u00a0<b><a href=\"https:\/\/www.regione.fvg.it\/rafvg\/cms\/RAFVG\/cultura-sport\/attivita-culturali\/FOGLIA81\" target=\"_blank\" rel=\"noopener noreferrer noreferrer\" data-saferedirecturl=\"https:\/\/www.google.com\/url?q=https:\/\/www.regione.fvg.it\/rafvg\/cms\/RAFVG\/cultura-sport\/attivita-culturali\/FOGLIA81&amp;source=gmail&amp;ust=1677247000200000&amp;usg=AOvVaw11aY6bi5fdowOL_oqCG0Rh\">https:\/\/www.regione.fvg.<wbr \/>it\/rafvg\/cms\/RAFVG\/cultura-<wbr \/>sport\/attivita-culturali\/<wbr \/>FOGLIA81<\/a><\/b><\/div>\t\t\t\t\t\t<\/div>\n\t\t\t\t<\/div>\n\t\t\t\t<div class=\"elementor-element elementor-element-aaa341f elementor-widget elementor-widget-spacer\" data-id=\"aaa341f\" data-element_type=\"widget\" data-widget_type=\"spacer.default\">\n\t\t\t\t<div class=\"elementor-widget-container\">\n\t\t\t\t\t<div class=\"elementor-spacer\">\n\t\t\t<div class=\"elementor-spacer-inner\"><\/div>\n\t\t<\/div>\n\t\t\t\t<\/div>\n\t\t\t\t<\/div>\n\t\t\t\t\t<\/div>\n\t\t<\/div>\n\t\t\t\t\t<\/div>\n\t\t<\/section>\n\t\t\t\t<\/div>\n\t\t","protected":false},"excerpt":{"rendered":"<p>Podpiraj Kulturni dom Gorica z de\u017eelnim&nbsp;Art BonusomArt bonus&nbsp;je uvedla Avtonomna de\u017eela FJK z namenom, da pove\u017ee javni in zasebni sektor v podporo kulturnih dejavnosti in kulturne dedi\u0161\u010dine.Art Bonus&nbsp;omogo\u010da kori\u0161\u010denje&nbsp;dav\u010dnih olaj\u0161av&nbsp;subjektom (podjetja, fundacije, idr.), ki z&hellip;<\/p>\n","protected":false},"author":990003,"featured_media":0,"parent":0,"menu_order":0,"comment_status":"closed","ping_status":"closed","template":"","meta":{"footnotes":""},"class_list":["post-2846","page","type-page","status-publish","hentry"],"_links":{"self":[{"href":"https:\/\/kulturnidom.it\/wp\/wp-json\/wp\/v2\/pages\/2846","targetHints":{"allow":["GET"]}}],"collection":[{"href":"https:\/\/kulturnidom.it\/wp\/wp-json\/wp\/v2\/pages"}],"about":[{"href":"https:\/\/kulturnidom.it\/wp\/wp-json\/wp\/v2\/types\/page"}],"author":[{"embeddable":true,"href":"https:\/\/kulturnidom.it\/wp\/wp-json\/wp\/v2\/users\/990003"}],"replies":[{"embeddable":true,"href":"https:\/\/kulturnidom.it\/wp\/wp-json\/wp\/v2\/comments?post=2846"}],"version-history":[{"count":8,"href":"https:\/\/kulturnidom.it\/wp\/wp-json\/wp\/v2\/pages\/2846\/revisions"}],"predecessor-version":[{"id":3123,"href":"https:\/\/kulturnidom.it\/wp\/wp-json\/wp\/v2\/pages\/2846\/revisions\/3123"}],"wp:attachment":[{"href":"https:\/\/kulturnidom.it\/wp\/wp-json\/wp\/v2\/media?parent=2846"}],"curies":[{"name":"wp","href":"https:\/\/api.w.org\/{rel}","templated":true}]}}